{"id":166,"date":"2024-10-14T10:37:21","date_gmt":"2024-10-14T10:37:21","guid":{"rendered":"https:\/\/ogretmenuniversitesi.org\/?page_id=166"},"modified":"2026-04-23T15:39:25","modified_gmt":"2026-04-23T15:39:25","slug":"kurumsal-paydaslarimiz","status":"publish","type":"page","link":"https:\/\/ogretmenuniversitesi.org\/kurumsal-paydaslarimiz\/","title":{"rendered":"Kurumsal Payda\u015flar\u0131m\u0131z"},"content":{"rendered":"\t\t<div data-elementor-type=\"wp-page\" data-elementor-id=\"166\" class=\"elementor elementor-166\">\n\t\t\t\t<div class=\"elementor-element elementor-element-262c1132 e-flex e-con-boxed e-con e-parent\" data-id=\"262c1132\" data-element_type=\"container\" data-e-type=\"container\">\n\t\t\t\t\t<div class=\"e-con-inner\">\n\t\t\t\t<div class=\"elementor-element elementor-element-6e816217 elementor-widget elementor-widget-text-editor\" data-id=\"6e816217\" data-element_type=\"widget\" data-e-type=\"widget\" data-widget_type=\"text-editor.default\">\n\t\t\t\t\t\t\t\t\t\t\t\t\t\t\t\t\t<\/div>\n\t\t\t\t\t<\/div>\n\t\t\t\t<\/div>\n\t\t<div class=\"elementor-element elementor-element-3251452 e-flex e-con-boxed e-con e-parent\" data-id=\"3251452\" data-element_type=\"container\" data-e-type=\"container\">\n\t\t\t\t\t<div class=\"e-con-inner\">\n\t\t\t\t<div class=\"elementor-element elementor-element-0581adb elementor-widget elementor-widget-html\" data-id=\"0581adb\" data-element_type=\"widget\" data-e-type=\"widget\" data-widget_type=\"html.default\">\n\t\t\t\t\t<style>\r\n    @import url('https:\/\/fonts.googleapis.com\/css2?family=Poppins:wght@300;400;600;700;800&display=swap');\r\n\r\n    :root {\r\n        --neder-navy: #1a237e;\r\n        --neder-red: #b22222;\r\n        --neder-light: #f8fafc;\r\n        --neder-text: #333;\r\n    }\r\n\r\n    .neder-partners-wrapper {\r\n        font-family: 'Poppins', sans-serif;\r\n        color: var(--neder-text);\r\n        max-width: 1200px;\r\n        margin: 40px auto;\r\n        padding: 0 20px;\r\n    }\r\n\r\n    \/* Ba\u015fl\u0131k Alan\u0131 *\/\r\n    .partners-header {\r\n        text-align: center;\r\n        margin-bottom: 60px;\r\n    }\r\n\r\n    .partners-header h1 {\r\n        font-size: 36px;\r\n        font-weight: 800;\r\n        color: var(--neder-navy);\r\n        text-transform: uppercase;\r\n        letter-spacing: 2px;\r\n        margin-bottom: 15px;\r\n    }\r\n\r\n    .partners-header .underline {\r\n        width: 80px;\r\n        height: 5px;\r\n        background: var(--neder-red);\r\n        margin: 0 auto;\r\n        border-radius: 3px;\r\n    }\r\n\r\n    \/* Payda\u015f Grid Yap\u0131s\u0131 *\/\r\n    .partners-grid {\r\n        display: grid;\r\n        grid-template-columns: repeat(auto-fit, minmax(320px, 1fr));\r\n        gap: 30px;\r\n        margin-bottom: 60px;\r\n    }\r\n\r\n    .partner-card {\r\n        background: white;\r\n        padding: 50px 40px;\r\n        border-radius: 20px;\r\n        text-align: center;\r\n        box-shadow: 0 10px 40px rgba(0,0,0,0.05);\r\n        border: 1px solid #f0f0f0;\r\n        transition: all 0.4s cubic-bezier(0.175, 0.885, 0.32, 1.275);\r\n        display: flex;\r\n        flex-direction: column;\r\n        align-items: center;\r\n        justify-content: center;\r\n    }\r\n\r\n    .partner-card:hover {\r\n        transform: translateY(-15px);\r\n        box-shadow: 0 20px 50px rgba(26, 35, 126, 0.1);\r\n        border-color: var(--neder-navy);\r\n    }\r\n\r\n    .partner-icon {\r\n        width: 100px;\r\n        height: 100px;\r\n        background: var(--neder-light);\r\n        border-radius: 50%;\r\n        display: flex;\r\n        align-items: center;\r\n        justify-content: center;\r\n        margin-bottom: 25px;\r\n        font-size: 45px;\r\n        color: var(--neder-navy);\r\n        transition: all 0.3s ease;\r\n    }\r\n\r\n    .partner-card:hover .partner-icon {\r\n        background: var(--neder-navy);\r\n        color: white;\r\n    }\r\n\r\n    .partner-card h3 {\r\n        font-size: 20px;\r\n        font-weight: 700;\r\n        color: var(--neder-navy);\r\n        margin: 0;\r\n        line-height: 1.4;\r\n    }\r\n\r\n    \/* Birle\u015ftirici Metin Alan\u0131 *\/\r\n    .partners-statement {\r\n        background: linear-gradient(135deg, var(--neder-navy) 0%, #283593 100%);\r\n        color: white;\r\n        padding: 60px 40px;\r\n        border-radius: 25px;\r\n        text-align: center;\r\n        box-shadow: 0 15px 35px rgba(26, 35, 126, 0.2);\r\n        position: relative;\r\n        overflow: hidden;\r\n    }\r\n\r\n    \/* Arka plan s\u00fcslemesi *\/\r\n    .partners-statement::before {\r\n        content: '\"';\r\n        position: absolute;\r\n        top: -20px;\r\n        left: 40px;\r\n        font-size: 150px;\r\n        opacity: 0.1;\r\n        font-family: serif;\r\n    }\r\n\r\n    .partners-statement p {\r\n        font-size: 24px;\r\n        font-weight: 600;\r\n        margin: 0;\r\n        line-height: 1.6;\r\n        position: relative;\r\n        z-index: 1;\r\n    }\r\n\r\n    \/* Kurumsal \u0130mza *\/\r\n    .partners-footer {\r\n        margin-top: 50px;\r\n        text-align: center;\r\n    }\r\n\r\n    .partners-footer .brand {\r\n        font-size: 18px;\r\n        font-weight: 700;\r\n        color: var(--neder-navy); \/* Bordo yerine kurumsal mavi\/lacivert tonuna \u00e7evrildi *\/\r\n        text-transform: uppercase;\r\n        letter-spacing: 1px;\r\n    }\r\n\r\n    .partners-footer .sub {\r\n        font-size: 14px;\r\n        color: #777;\r\n        margin-top: 5px;\r\n        display: block;\r\n    }\r\n\r\n    \/* Mobilde G\u00f6r\u00fcn\u00fcm *\/\r\n    @media (max-width: 768px) {\r\n        .partners-header h1 { font-size: 28px; }\r\n        .partners-statement p { font-size: 18px; }\r\n        .partner-card { padding: 40px 20px; }\r\n        .partner-icon { width: 80px; height: 80px; font-size: 35px; }\r\n    }\r\n<\/style>\r\n\r\n<div class=\"neder-partners-wrapper\">\r\n    \r\n    <!-- Ba\u015fl\u0131k -->\r\n    <header class=\"partners-header\">\r\n        <h1>KURUMSAL PAYDA\u015eLARIMIZ<\/h1>\r\n        <div class=\"underline\"><\/div>\r\n    <\/header>\r\n\r\n    <!-- Payda\u015f Gruplar\u0131 Grid -->\r\n    <div class=\"partners-grid\">\r\n        \r\n        <!-- Grup 1 -->\r\n        <div class=\"partner-card\">\r\n            <div class=\"partner-icon\">\ud83c\udfdb\ufe0f<\/div>\r\n            <h3>Yerel Y\u00f6netimler<\/h3>\r\n        <\/div>\r\n\r\n        <!-- Grup 2 -->\r\n        <div class=\"partner-card\">\r\n            <div class=\"partner-icon\">\ud83c\udfd9\ufe0f<\/div>\r\n            <h3>T\u00fcm Kent Konseyleri<\/h3>\r\n        <\/div>\r\n\r\n        <!-- Grup 3 -->\r\n        <div class=\"partner-card\">\r\n            <div class=\"partner-icon\">\ud83e\udd1d<\/div>\r\n            <h3>Kurumsalla\u015fm\u0131\u015f B\u00fcy\u00fck Dernekler ve T\u00fcm E\u011fitim Sendikalar\u0131<\/h3>\r\n        <\/div>\r\n\r\n    <\/div>\r\n\r\n    <!-- Ana Deklarasyon Metni -->\r\n    <section class=\"partners-statement\">\r\n        <p>Yukar\u0131da belirtilen t\u00fcm kurum ve kurulu\u015flar, T\u00fcrkiye'nin e\u011fitim gelece\u011fini in\u015fa etme yolunda bizim en de\u011ferli payda\u015flar\u0131m\u0131zd\u0131r.<\/p>\r\n    <\/section>\r\n\r\n    <!-- Kurumsal \u0130mza -->\r\n    <footer class=\"partners-footer\">\r\n        <span class=\"brand\">Nitelikli E\u011fitim \u00dcretken \u00d6\u011fretmen Derne\u011fi (NE-DER)<\/span>\r\n        <span class=\"sub\">Gelece\u011fi Birlikte Tasarl\u0131yoruz<\/span>\r\n    <\/footer>\r\n\r\n<\/div>\t\t\t\t<\/div>\n\t\t\t\t\t<\/div>\n\t\t\t\t<\/div>\n\t\t\t\t<\/div>\n\t\t","protected":false},"excerpt":{"rendered":"<p>KURUMSAL PAYDA\u015eLARIMIZ \ud83c\udfdb\ufe0f Yerel Y\u00f6netimler \ud83c\udfd9\ufe0f T\u00fcm Kent Konseyleri \ud83e\udd1d Kurumsalla\u015fm\u0131\u015f B\u00fcy\u00fck Dernekler ve T\u00fcm E\u011fitim Sendikalar\u0131 Yukar\u0131da belirtilen t\u00fcm kurum ve kurulu\u015flar, T\u00fcrkiye&#8217;nin e\u011fitim gelece\u011fini in\u015fa etme yolunda bizim en de\u011ferli payda\u015flar\u0131m\u0131zd\u0131r. Nitelikli E\u011fitim \u00dcretken \u00d6\u011fretmen Derne\u011fi (NE-DER) Gelece\u011fi Birlikte Tasarl\u0131yoruz<\/p>\n","protected":false},"author":2,"featured_media":0,"parent":0,"menu_order":0,"comment_status":"closed","ping_status":"closed","template":"elementor_header_footer","meta":{"give_campaign_id":0,"_monsterinsights_skip_tracking":false,"_monsterinsights_sitenote_active":false,"_monsterinsights_sitenote_note":"","_monsterinsights_sitenote_category":0,"footnotes":""},"class_list":["post-166","page","type-page","status-publish","hentry"],"aioseo_notices":[],"campaignId":"","_links":{"self":[{"href":"https:\/\/ogretmenuniversitesi.org\/wp-json\/wp\/v2\/pages\/166","targetHints":{"allow":["GET"]}}],"collection":[{"href":"https:\/\/ogretmenuniversitesi.org\/wp-json\/wp\/v2\/pages"}],"about":[{"href":"https:\/\/ogretmenuniversitesi.org\/wp-json\/wp\/v2\/types\/page"}],"author":[{"embeddable":true,"href":"https:\/\/ogretmenuniversitesi.org\/wp-json\/wp\/v2\/users\/2"}],"replies":[{"embeddable":true,"href":"https:\/\/ogretmenuniversitesi.org\/wp-json\/wp\/v2\/comments?post=166"}],"version-history":[{"count":4,"href":"https:\/\/ogretmenuniversitesi.org\/wp-json\/wp\/v2\/pages\/166\/revisions"}],"predecessor-version":[{"id":6640,"href":"https:\/\/ogretmenuniversitesi.org\/wp-json\/wp\/v2\/pages\/166\/revisions\/6640"}],"wp:attachment":[{"href":"https:\/\/ogretmenuniversitesi.org\/wp-json\/wp\/v2\/media?parent=166"}],"curies":[{"name":"wp","href":"https:\/\/api.w.org\/{rel}","templated":true}]}}